{"id":10151,"date":"2025-08-26T11:23:44","date_gmt":"2025-08-26T09:23:44","guid":{"rendered":"https:\/\/influx.dk\/references\/"},"modified":"2025-10-09T09:04:30","modified_gmt":"2025-10-09T07:04:30","slug":"references","status":"publish","type":"page","link":"https:\/\/influx.dk\/en\/references\/","title":{"rendered":"References"},"content":{"rendered":"\t\t<div data-elementor-type=\"wp-page\" data-elementor-id=\"10151\" class=\"elementor elementor-10151 elementor-9637\" data-elementor-post-type=\"page\">\n\t\t\t\t<div class=\"elementor-element elementor-element-71b07020 e-con-full no-padding e-flex e-con e-parent\" data-id=\"71b07020\" data-element_type=\"container\" data-settings=\"{&quot;background_background&quot;:&quot;classic&quot;}\">\n\t\t\t\t<div class=\"elementor-element elementor-element-59b42ddd elementor-widget elementor-widget-template\" data-id=\"59b42ddd\" data-element_type=\"widget\" data-widget_type=\"template.default\">\n\t\t\t\t<div class=\"elementor-widget-container\">\n\t\t\t\t\t\t\t<div class=\"elementor-template\">\n\t\t\t\t\t<div data-elementor-type=\"container\" data-elementor-id=\"10142\" class=\"elementor elementor-10142 elementor-6542\" data-elementor-post-type=\"elementor_library\">\n\t\t\t\t<div class=\"elementor-element elementor-element-50a9782 white e-flex e-con-boxed e-con e-parent\" data-id=\"50a9782\" data-element_type=\"container\" data-settings=\"{&quot;background_background&quot;:&quot;classic&quot;}\">\n\t\t\t\t\t<div class=\"e-con-inner\">\n\t\t<div class=\"elementor-element elementor-element-850a903 e-con-full e-flex e-con e-child\" data-id=\"850a903\" data-element_type=\"container\">\n\t\t\t\t<div class=\"elementor-element elementor-element-44b1eb2 prehead elementor-widget elementor-widget-text-editor\" data-id=\"44b1eb2\" data-element_type=\"widget\" data-widget_type=\"text-editor.default\">\n\t\t\t\t<div class=\"elementor-widget-container\">\n\t\t\t\t\t\t\t\t\t<p>Influx ApS<\/p>\t\t\t\t\t\t\t\t<\/div>\n\t\t\t\t<\/div>\n\t\t<div class=\"elementor-element elementor-element-270fa27 e-con-full cta e-flex e-con e-child\" data-id=\"270fa27\" data-element_type=\"container\">\n\t\t\t\t<div class=\"elementor-element elementor-element-c84e1d6 elementor-icon-list--layout-inline elementor-align-start elementor-mobile-align-center elementor-list-item-link-full_width elementor-widget elementor-widget-icon-list\" data-id=\"c84e1d6\" data-element_type=\"widget\" data-widget_type=\"icon-list.default\">\n\t\t\t\t<div class=\"elementor-widget-container\">\n\t\t\t\t\t\t\t<ul class=\"elementor-icon-list-items elementor-inline-items\">\n\t\t\t\t\t\t\t<li class=\"elementor-icon-list-item elementor-inline-item\">\n\t\t\t\t\t\t\t\t\t\t\t<span class=\"elementor-icon-list-icon\">\n\t\t\t\t\t\t\t<svg aria-hidden=\"true\" class=\"e-font-icon-svg e-fas-phone-alt\" viewBox=\"0 0 512 512\" xmlns=\"http:\/\/www.w3.org\/2000\/svg\"><path d=\"M497.39 361.8l-112-48a24 24 0 0 0-28 6.9l-49.6 60.6A370.66 370.66 0 0 1 130.6 204.11l60.6-49.6a23.94 23.94 0 0 0 6.9-28l-48-112A24.16 24.16 0 0 0 122.6.61l-104 24A24 24 0 0 0 0 48c0 256.5 207.9 464 464 464a24 24 0 0 0 23.4-18.6l24-104a24.29 24.29 0 0 0-14.01-27.6z\"><\/path><\/svg>\t\t\t\t\t\t<\/span>\n\t\t\t\t\t\t\t\t\t\t<span class=\"elementor-icon-list-text\"><a href=\"tel:+45 66 11 37 08\" aria-label=\"Telefon nummer\">+45 66 11 37 08<\/a><\/span>\n\t\t\t\t\t\t\t\t\t<\/li>\n\t\t\t\t\t\t\t\t<li class=\"elementor-icon-list-item elementor-inline-item\">\n\t\t\t\t\t\t\t\t\t\t\t<span class=\"elementor-icon-list-icon\">\n\t\t\t\t\t\t\t<svg aria-hidden=\"true\" class=\"e-font-icon-svg e-fas-envelope\" viewBox=\"0 0 512 512\" xmlns=\"http:\/\/www.w3.org\/2000\/svg\"><path d=\"M502.3 190.8c3.9-3.1 9.7-.2 9.7 4.7V400c0 26.5-21.5 48-48 48H48c-26.5 0-48-21.5-48-48V195.6c0-5 5.7-7.8 9.7-4.7 22.4 17.4 52.1 39.5 154.1 113.6 21.1 15.4 56.7 47.8 92.2 47.6 35.7.3 72-32.8 92.3-47.6 102-74.1 131.6-96.3 154-113.7zM256 320c23.2.4 56.6-29.2 73.4-41.4 132.7-96.3 142.8-104.7 173.4-128.7 5.8-4.5 9.2-11.5 9.2-18.9v-19c0-26.5-21.5-48-48-48H48C21.5 64 0 85.5 0 112v19c0 7.4 3.4 14.3 9.2 18.9 30.6 23.9 40.7 32.4 173.4 128.7 16.8 12.2 50.2 41.8 73.4 41.4z\"><\/path><\/svg>\t\t\t\t\t\t<\/span>\n\t\t\t\t\t\t\t\t\t\t<span class=\"elementor-icon-list-text\"><a href=\"mailto:invoice@influx.dk\" aria-label=\"Email adresse\">invoice@influx.dk<\/a><\/span>\n\t\t\t\t\t\t\t\t\t<\/li>\n\t\t\t\t\t\t<\/ul>\n\t\t\t\t\t\t<\/div>\n\t\t\t\t<\/div>\n\t\t\t\t<\/div>\n\t\t\t\t<\/div>\n\t\t\t\t\t<\/div>\n\t\t\t\t<\/div>\n\t\t\t\t<\/div>\n\t\t\t\t<\/div>\n\t\t\t\t\t\t<\/div>\n\t\t\t\t<\/div>\n\t\t\t\t<\/div>\n\t\t<div class=\"elementor-element elementor-element-624b8cbf e-flex e-con-boxed e-con e-parent\" data-id=\"624b8cbf\" data-element_type=\"container\">\n\t\t\t\t\t<div class=\"e-con-inner\">\n\t\t<div class=\"elementor-element elementor-element-d20fd6b e-con-full e-flex e-con e-child\" data-id=\"d20fd6b\" data-element_type=\"container\">\n\t\t\t\t<div class=\"elementor-element elementor-element-e7d3fbd elementor-widget elementor-widget-text-editor\" data-id=\"e7d3fbd\" data-element_type=\"widget\" data-widget_type=\"text-editor.default\">\n\t\t\t\t<div class=\"elementor-widget-container\">\n\t\t\t\t\t\t\t\t\t<h2>References<\/h2><p>As specialists in stainless steel process equipment, our key task is to deliver fully customized turnkey solutions for our customers. That takes industry insight and the determination to deliver the best every time.<\/p><p>We\u2019re proud to supply a wide range of Danish and international customers, including:<\/p><p><strong>Dairies<\/strong><br>Arla Foods, Taulov Dairy, Korsvej Dairy, Arinco, Birkum Cheese, S\u00f8vind Dairy, \u00d8llingeg\u00e5rd Dairy, Fipros AB.<\/p><p><strong>Food production<\/strong><br>Dan\u00e6g Products A\/S, Gr\u00e5sten Salater A\/S, Kims A\/S, Orkla Foods A\/S Sk\u00e6lsk\u00f8r, Sanovo Foods A\/S, Stryhn\u2019s A\/S, Tulip Food Company, Scandic Food A\/S.<\/p><p><strong>Slaughterhouses<\/strong><br>Danish Crown A\/S, Danish Crown Foods A\/S, Dat-Schaub Group.<\/p><p><strong>Breweries and soft drinks<\/strong><br>Carlsberg A\/S, Bryggeriet Vestfyn A\/S, Royal Unibrew A\/S, Faxe, Albani, Taster Wine A\/S, Rynkeby Foods A\/S, Coca-Cola, Kavli A\/S.<\/p><p><strong>Pharma and chemicals<\/strong><br>Fertin Pharma A\/S, Novo Nordisk A\/S, Unilever Productions A\/S, Pro-Ren A\/S, ChemPharma Ltd.<\/p><p><strong>Waterworks<\/strong><br>Dalum Waterworks, Svendborg Waterworks, S\u00f8ller\u00f8d Waterworks, Vejen Waterworks, Glostrup Waterworks, Greve Strand Waterworks, Haslev Waterworks, Randers Waterworks, Hasselager Kolt Waterworks, Assens Waterworks, Sj\u00e6ls\u00f8 Waterworks.<\/p>\t\t\t\t\t\t\t\t<\/div>\n\t\t\t\t<\/div>\n\t\t\t\t<\/div>\n\t\t<div class=\"elementor-element elementor-element-73601304 e-con-full e-flex e-con e-child\" data-id=\"73601304\" data-element_type=\"container\">\n\t\t<div class=\"elementor-element elementor-element-72bcd577 e-con-full dark e-flex e-con e-child\" data-id=\"72bcd577\" data-element_type=\"container\" data-settings=\"{&quot;background_background&quot;:&quot;classic&quot;}\">\n\t\t\t\t<div class=\"elementor-element elementor-element-70776889 elementor-widget elementor-widget-text-editor\" data-id=\"70776889\" data-element_type=\"widget\" data-widget_type=\"text-editor.default\">\n\t\t\t\t<div class=\"elementor-widget-container\">\n\t\t\t\t\t\t\t\t\t<h3 class=\"h-widget\">Want to Know more about Engineering?<\/h3><p class=\"h-widget\">Contact us to discuss the optimal solution for your production facility.<\/p><p class=\"h-widget\"><a href=\"tel:+45 66 11 37 08\" aria-label=\"Telefon nummer\">+45 66 11 37 08<\/a><br><a href=\"mailto:invoice@influx.dk\" aria-label=\"Email adresse\">invoice@influx.dk<\/a><\/p>\t\t\t\t\t\t\t\t<\/div>\n\t\t\t\t<\/div>\n\t\t\t\t<\/div>\n\t\t<div class=\"elementor-element elementor-element-433b1128 e-con-full dark e-flex e-con e-child\" data-id=\"433b1128\" data-element_type=\"container\" data-settings=\"{&quot;background_background&quot;:&quot;classic&quot;}\">\n\t\t\t\t<div class=\"elementor-element elementor-element-4b69f03 elementor-widget elementor-widget-text-editor\" data-id=\"4b69f03\" data-element_type=\"widget\" data-widget_type=\"text-editor.default\">\n\t\t\t\t<div class=\"elementor-widget-container\">\n\t\t\t\t\t\t\t\t\t<h3>Certifications<\/h3><p>Proper certifications are crucial for your business, and therefore also crucial for us as your partner.<\/p>\t\t\t\t\t\t\t\t<\/div>\n\t\t\t\t<\/div>\n\t\t\t\t<div class=\"elementor-element elementor-element-60f177ed elementor-align-center elementor-widget elementor-widget-button\" data-id=\"60f177ed\" data-element_type=\"widget\" data-widget_type=\"button.default\">\n\t\t\t\t<div class=\"elementor-widget-container\">\n\t\t\t\t\t\t\t\t\t<div class=\"elementor-button-wrapper\">\n\t\t\t\t\t<a class=\"elementor-button elementor-button-link elementor-size-sm\" href=\"https:\/\/influx.dk\/om-os\/certificeringer\/\">\n\t\t\t\t\t\t<span class=\"elementor-button-content-wrapper\">\n\t\t\t\t\t\t\t\t\t<span class=\"elementor-button-text\">View certifications<\/span>\n\t\t\t\t\t<\/span>\n\t\t\t\t\t<\/a>\n\t\t\t\t<\/div>\n\t\t\t\t\t\t\t\t<\/div>\n\t\t\t\t<\/div>\n\t\t\t\t<\/div>\n\t\t\t\t<\/div>\n\t\t\t\t\t<\/div>\n\t\t\t\t<\/div>\n\t\t\t\t<\/div>\n\t\t","protected":false},"excerpt":{"rendered":"<p>References As specialists in stainless steel process equipment, our key task is to deliver fully customized turnkey solutions for our customers. That takes industry insight and the determination to deliver the best every time. We\u2019re proud to supply a wide range of Danish and international customers, including: DairiesArla Foods, Taulov Dairy, Korsvej Dairy, Arinco, Birkum &#8230; <a title=\"References\" class=\"read-more\" href=\"https:\/\/influx.dk\/en\/references\/\" aria-label=\"Read more about References\">Read more<\/a><\/p>\n","protected":false},"author":1,"featured_media":10109,"parent":0,"menu_order":0,"comment_status":"closed","ping_status":"closed","template":"","meta":{"_acf_changed":false,"footnotes":""},"categories":[],"class_list":["post-10151","page","type-page","status-publish","has-post-thumbnail"],"acf":[],"yoast_head":"<!-- This site is optimized with the Yoast SEO plugin v27.3 - https:\/\/yoast.com\/product\/yoast-seo-wordpress\/ -->\n<title>References - Influx ApS<\/title>\n<meta name=\"robots\" content=\"index, follow, max-snippet:-1, max-image-preview:large, max-video-preview:-1\" \/>\n<link rel=\"canonical\" href=\"https:\/\/influx.dk\/en\/references\/\" \/>\n<meta property=\"og:locale\" content=\"en_US\" \/>\n<meta property=\"og:type\" content=\"article\" \/>\n<meta property=\"og:title\" content=\"References - Influx ApS\" \/>\n<meta property=\"og:description\" content=\"References As specialists in stainless steel process equipment, our key task is to deliver fully customized turnkey solutions for our customers. That takes industry insight and the determination to deliver the best every time. We\u2019re proud to supply a wide range of Danish and international customers, including: DairiesArla Foods, Taulov Dairy, Korsvej Dairy, Arinco, Birkum ... Read more\" \/>\n<meta property=\"og:url\" content=\"https:\/\/influx.dk\/en\/references\/\" \/>\n<meta property=\"og:site_name\" content=\"Influx ApS\" \/>\n<meta property=\"article:modified_time\" content=\"2025-10-09T07:04:30+00:00\" \/>\n<meta property=\"og:image\" content=\"https:\/\/influx.dk\/wp-content\/uploads\/2025\/09\/referencer_top.jpg\" \/>\n\t<meta property=\"og:image:width\" content=\"1510\" \/>\n\t<meta property=\"og:image:height\" content=\"425\" \/>\n\t<meta property=\"og:image:type\" content=\"image\/jpeg\" \/>\n<meta name=\"twitter:card\" content=\"summary_large_image\" \/>\n<meta name=\"twitter:label1\" content=\"Est. reading time\" \/>\n\t<meta name=\"twitter:data1\" content=\"1 minute\" \/>\n<script type=\"application\/ld+json\" class=\"yoast-schema-graph\">{\"@context\":\"https:\\\/\\\/schema.org\",\"@graph\":[{\"@type\":\"WebPage\",\"@id\":\"https:\\\/\\\/influx.dk\\\/en\\\/references\\\/\",\"url\":\"https:\\\/\\\/influx.dk\\\/en\\\/references\\\/\",\"name\":\"References - Influx ApS\",\"isPartOf\":{\"@id\":\"https:\\\/\\\/influx.dk\\\/en\\\/#website\"},\"primaryImageOfPage\":{\"@id\":\"https:\\\/\\\/influx.dk\\\/en\\\/references\\\/#primaryimage\"},\"image\":{\"@id\":\"https:\\\/\\\/influx.dk\\\/en\\\/references\\\/#primaryimage\"},\"thumbnailUrl\":\"https:\\\/\\\/influx.dk\\\/wp-content\\\/uploads\\\/2025\\\/09\\\/referencer_top.jpg\",\"datePublished\":\"2025-08-26T09:23:44+00:00\",\"dateModified\":\"2025-10-09T07:04:30+00:00\",\"breadcrumb\":{\"@id\":\"https:\\\/\\\/influx.dk\\\/en\\\/references\\\/#breadcrumb\"},\"inLanguage\":\"en-US\",\"potentialAction\":[{\"@type\":\"ReadAction\",\"target\":[\"https:\\\/\\\/influx.dk\\\/en\\\/references\\\/\"]}]},{\"@type\":\"ImageObject\",\"inLanguage\":\"en-US\",\"@id\":\"https:\\\/\\\/influx.dk\\\/en\\\/references\\\/#primaryimage\",\"url\":\"https:\\\/\\\/influx.dk\\\/wp-content\\\/uploads\\\/2025\\\/09\\\/referencer_top.jpg\",\"contentUrl\":\"https:\\\/\\\/influx.dk\\\/wp-content\\\/uploads\\\/2025\\\/09\\\/referencer_top.jpg\",\"width\":1510,\"height\":425},{\"@type\":\"BreadcrumbList\",\"@id\":\"https:\\\/\\\/influx.dk\\\/en\\\/references\\\/#breadcrumb\",\"itemListElement\":[{\"@type\":\"ListItem\",\"position\":1,\"name\":\"Forside\",\"item\":\"https:\\\/\\\/influx.dk\\\/en\\\/home\\\/\"},{\"@type\":\"ListItem\",\"position\":2,\"name\":\"References\"}]},{\"@type\":\"WebSite\",\"@id\":\"https:\\\/\\\/influx.dk\\\/en\\\/#website\",\"url\":\"https:\\\/\\\/influx.dk\\\/en\\\/\",\"name\":\"Influx ApS\",\"description\":\"Vi har 360\u00b0 fokus p\u00e5 dit procesanl\u00e6g\",\"publisher\":{\"@id\":\"https:\\\/\\\/influx.dk\\\/en\\\/#organization\"},\"potentialAction\":[{\"@type\":\"SearchAction\",\"target\":{\"@type\":\"EntryPoint\",\"urlTemplate\":\"https:\\\/\\\/influx.dk\\\/en\\\/?s={search_term_string}\"},\"query-input\":{\"@type\":\"PropertyValueSpecification\",\"valueRequired\":true,\"valueName\":\"search_term_string\"}}],\"inLanguage\":\"en-US\"},{\"@type\":\"Organization\",\"@id\":\"https:\\\/\\\/influx.dk\\\/en\\\/#organization\",\"name\":\"Influx ApS\",\"url\":\"https:\\\/\\\/influx.dk\\\/en\\\/\",\"logo\":{\"@type\":\"ImageObject\",\"inLanguage\":\"en-US\",\"@id\":\"https:\\\/\\\/influx.dk\\\/en\\\/#\\\/schema\\\/logo\\\/image\\\/\",\"url\":\"https:\\\/\\\/influx.dk\\\/wp-content\\\/uploads\\\/2025\\\/08\\\/influx-logo.svg\",\"contentUrl\":\"https:\\\/\\\/influx.dk\\\/wp-content\\\/uploads\\\/2025\\\/08\\\/influx-logo.svg\",\"width\":371,\"height\":199,\"caption\":\"Influx ApS\"},\"image\":{\"@id\":\"https:\\\/\\\/influx.dk\\\/en\\\/#\\\/schema\\\/logo\\\/image\\\/\"}}]}<\/script>\n<!-- \/ Yoast SEO plugin. -->","yoast_head_json":{"title":"References - Influx ApS","robots":{"index":"index","follow":"follow","max-snippet":"max-snippet:-1","max-image-preview":"max-image-preview:large","max-video-preview":"max-video-preview:-1"},"canonical":"https:\/\/influx.dk\/en\/references\/","og_locale":"en_US","og_type":"article","og_title":"References - Influx ApS","og_description":"References As specialists in stainless steel process equipment, our key task is to deliver fully customized turnkey solutions for our customers. That takes industry insight and the determination to deliver the best every time. We\u2019re proud to supply a wide range of Danish and international customers, including: DairiesArla Foods, Taulov Dairy, Korsvej Dairy, Arinco, Birkum ... Read more","og_url":"https:\/\/influx.dk\/en\/references\/","og_site_name":"Influx ApS","article_modified_time":"2025-10-09T07:04:30+00:00","og_image":[{"width":1510,"height":425,"url":"https:\/\/influx.dk\/wp-content\/uploads\/2025\/09\/referencer_top.jpg","type":"image\/jpeg"}],"twitter_card":"summary_large_image","twitter_misc":{"Est. reading time":"1 minute"},"schema":{"@context":"https:\/\/schema.org","@graph":[{"@type":"WebPage","@id":"https:\/\/influx.dk\/en\/references\/","url":"https:\/\/influx.dk\/en\/references\/","name":"References - Influx ApS","isPartOf":{"@id":"https:\/\/influx.dk\/en\/#website"},"primaryImageOfPage":{"@id":"https:\/\/influx.dk\/en\/references\/#primaryimage"},"image":{"@id":"https:\/\/influx.dk\/en\/references\/#primaryimage"},"thumbnailUrl":"https:\/\/influx.dk\/wp-content\/uploads\/2025\/09\/referencer_top.jpg","datePublished":"2025-08-26T09:23:44+00:00","dateModified":"2025-10-09T07:04:30+00:00","breadcrumb":{"@id":"https:\/\/influx.dk\/en\/references\/#breadcrumb"},"inLanguage":"en-US","potentialAction":[{"@type":"ReadAction","target":["https:\/\/influx.dk\/en\/references\/"]}]},{"@type":"ImageObject","inLanguage":"en-US","@id":"https:\/\/influx.dk\/en\/references\/#primaryimage","url":"https:\/\/influx.dk\/wp-content\/uploads\/2025\/09\/referencer_top.jpg","contentUrl":"https:\/\/influx.dk\/wp-content\/uploads\/2025\/09\/referencer_top.jpg","width":1510,"height":425},{"@type":"BreadcrumbList","@id":"https:\/\/influx.dk\/en\/references\/#breadcrumb","itemListElement":[{"@type":"ListItem","position":1,"name":"Forside","item":"https:\/\/influx.dk\/en\/home\/"},{"@type":"ListItem","position":2,"name":"References"}]},{"@type":"WebSite","@id":"https:\/\/influx.dk\/en\/#website","url":"https:\/\/influx.dk\/en\/","name":"Influx ApS","description":"Vi har 360\u00b0 fokus p\u00e5 dit procesanl\u00e6g","publisher":{"@id":"https:\/\/influx.dk\/en\/#organization"},"potentialAction":[{"@type":"SearchAction","target":{"@type":"EntryPoint","urlTemplate":"https:\/\/influx.dk\/en\/?s={search_term_string}"},"query-input":{"@type":"PropertyValueSpecification","valueRequired":true,"valueName":"search_term_string"}}],"inLanguage":"en-US"},{"@type":"Organization","@id":"https:\/\/influx.dk\/en\/#organization","name":"Influx ApS","url":"https:\/\/influx.dk\/en\/","logo":{"@type":"ImageObject","inLanguage":"en-US","@id":"https:\/\/influx.dk\/en\/#\/schema\/logo\/image\/","url":"https:\/\/influx.dk\/wp-content\/uploads\/2025\/08\/influx-logo.svg","contentUrl":"https:\/\/influx.dk\/wp-content\/uploads\/2025\/08\/influx-logo.svg","width":371,"height":199,"caption":"Influx ApS"},"image":{"@id":"https:\/\/influx.dk\/en\/#\/schema\/logo\/image\/"}}]}},"_links":{"self":[{"href":"https:\/\/influx.dk\/en\/wp-json\/wp\/v2\/pages\/10151","targetHints":{"allow":["GET"]}}],"collection":[{"href":"https:\/\/influx.dk\/en\/wp-json\/wp\/v2\/pages"}],"about":[{"href":"https:\/\/influx.dk\/en\/wp-json\/wp\/v2\/types\/page"}],"author":[{"embeddable":true,"href":"https:\/\/influx.dk\/en\/wp-json\/wp\/v2\/users\/1"}],"replies":[{"embeddable":true,"href":"https:\/\/influx.dk\/en\/wp-json\/wp\/v2\/comments?post=10151"}],"version-history":[{"count":1,"href":"https:\/\/influx.dk\/en\/wp-json\/wp\/v2\/pages\/10151\/revisions"}],"predecessor-version":[{"id":10152,"href":"https:\/\/influx.dk\/en\/wp-json\/wp\/v2\/pages\/10151\/revisions\/10152"}],"wp:featuredmedia":[{"embeddable":true,"href":"https:\/\/influx.dk\/en\/wp-json\/wp\/v2\/media\/10109"}],"wp:attachment":[{"href":"https:\/\/influx.dk\/en\/wp-json\/wp\/v2\/media?parent=10151"}],"wp:term":[{"taxonomy":"category","embeddable":true,"href":"https:\/\/influx.dk\/en\/wp-json\/wp\/v2\/categories?post=10151"}],"curies":[{"name":"wp","href":"https:\/\/api.w.org\/{rel}","templated":true}]}}