{"id":10181,"date":"2025-08-26T14:41:46","date_gmt":"2025-08-26T12:41:46","guid":{"rendered":"https:\/\/influx.dk\/dairies\/"},"modified":"2025-10-09T09:04:51","modified_gmt":"2025-10-09T07:04:51","slug":"dairies","status":"publish","type":"page","link":"https:\/\/influx.dk\/en\/dairies\/","title":{"rendered":"Dairies"},"content":{"rendered":"\t\t<div data-elementor-type=\"wp-page\" data-elementor-id=\"10181\" class=\"elementor elementor-10181 elementor-9697\" data-elementor-post-type=\"page\">\n\t\t\t\t<div class=\"elementor-element elementor-element-1e9c1f67 e-con-full no-padding e-flex e-con e-parent\" data-id=\"1e9c1f67\" data-element_type=\"container\" data-settings=\"{&quot;background_background&quot;:&quot;classic&quot;}\">\n\t\t\t\t<div class=\"elementor-element elementor-element-5be5cb43 elementor-widget elementor-widget-template\" data-id=\"5be5cb43\" data-element_type=\"widget\" data-widget_type=\"template.default\">\n\t\t\t\t<div class=\"elementor-widget-container\">\n\t\t\t\t\t\t\t<div class=\"elementor-template\">\n\t\t\t\t\t<div data-elementor-type=\"container\" data-elementor-id=\"10142\" class=\"elementor elementor-10142 elementor-6542\" data-elementor-post-type=\"elementor_library\">\n\t\t\t\t<div class=\"elementor-element elementor-element-50a9782 white e-flex e-con-boxed e-con e-parent\" data-id=\"50a9782\" data-element_type=\"container\" data-settings=\"{&quot;background_background&quot;:&quot;classic&quot;}\">\n\t\t\t\t\t<div class=\"e-con-inner\">\n\t\t<div class=\"elementor-element elementor-element-850a903 e-con-full e-flex e-con e-child\" data-id=\"850a903\" data-element_type=\"container\">\n\t\t\t\t<div class=\"elementor-element elementor-element-44b1eb2 prehead elementor-widget elementor-widget-text-editor\" data-id=\"44b1eb2\" data-element_type=\"widget\" data-widget_type=\"text-editor.default\">\n\t\t\t\t<div class=\"elementor-widget-container\">\n\t\t\t\t\t\t\t\t\t<p>Influx ApS<\/p>\t\t\t\t\t\t\t\t<\/div>\n\t\t\t\t<\/div>\n\t\t<div class=\"elementor-element elementor-element-270fa27 e-con-full cta e-flex e-con e-child\" data-id=\"270fa27\" data-element_type=\"container\">\n\t\t\t\t<div class=\"elementor-element elementor-element-c84e1d6 elementor-icon-list--layout-inline elementor-align-start elementor-mobile-align-center elementor-list-item-link-full_width elementor-widget elementor-widget-icon-list\" data-id=\"c84e1d6\" data-element_type=\"widget\" data-widget_type=\"icon-list.default\">\n\t\t\t\t<div class=\"elementor-widget-container\">\n\t\t\t\t\t\t\t<ul class=\"elementor-icon-list-items elementor-inline-items\">\n\t\t\t\t\t\t\t<li class=\"elementor-icon-list-item elementor-inline-item\">\n\t\t\t\t\t\t\t\t\t\t\t<span class=\"elementor-icon-list-icon\">\n\t\t\t\t\t\t\t<svg aria-hidden=\"true\" class=\"e-font-icon-svg e-fas-phone-alt\" viewBox=\"0 0 512 512\" xmlns=\"http:\/\/www.w3.org\/2000\/svg\"><path d=\"M497.39 361.8l-112-48a24 24 0 0 0-28 6.9l-49.6 60.6A370.66 370.66 0 0 1 130.6 204.11l60.6-49.6a23.94 23.94 0 0 0 6.9-28l-48-112A24.16 24.16 0 0 0 122.6.61l-104 24A24 24 0 0 0 0 48c0 256.5 207.9 464 464 464a24 24 0 0 0 23.4-18.6l24-104a24.29 24.29 0 0 0-14.01-27.6z\"><\/path><\/svg>\t\t\t\t\t\t<\/span>\n\t\t\t\t\t\t\t\t\t\t<span class=\"elementor-icon-list-text\"><a href=\"tel:+45 66 11 37 08\" aria-label=\"Telefon nummer\">+45 66 11 37 08<\/a><\/span>\n\t\t\t\t\t\t\t\t\t<\/li>\n\t\t\t\t\t\t\t\t<li class=\"elementor-icon-list-item elementor-inline-item\">\n\t\t\t\t\t\t\t\t\t\t\t<span class=\"elementor-icon-list-icon\">\n\t\t\t\t\t\t\t<svg aria-hidden=\"true\" class=\"e-font-icon-svg e-fas-envelope\" viewBox=\"0 0 512 512\" xmlns=\"http:\/\/www.w3.org\/2000\/svg\"><path d=\"M502.3 190.8c3.9-3.1 9.7-.2 9.7 4.7V400c0 26.5-21.5 48-48 48H48c-26.5 0-48-21.5-48-48V195.6c0-5 5.7-7.8 9.7-4.7 22.4 17.4 52.1 39.5 154.1 113.6 21.1 15.4 56.7 47.8 92.2 47.6 35.7.3 72-32.8 92.3-47.6 102-74.1 131.6-96.3 154-113.7zM256 320c23.2.4 56.6-29.2 73.4-41.4 132.7-96.3 142.8-104.7 173.4-128.7 5.8-4.5 9.2-11.5 9.2-18.9v-19c0-26.5-21.5-48-48-48H48C21.5 64 0 85.5 0 112v19c0 7.4 3.4 14.3 9.2 18.9 30.6 23.9 40.7 32.4 173.4 128.7 16.8 12.2 50.2 41.8 73.4 41.4z\"><\/path><\/svg>\t\t\t\t\t\t<\/span>\n\t\t\t\t\t\t\t\t\t\t<span class=\"elementor-icon-list-text\"><a href=\"mailto:invoice@influx.dk\" aria-label=\"Email adresse\">invoice@influx.dk<\/a><\/span>\n\t\t\t\t\t\t\t\t\t<\/li>\n\t\t\t\t\t\t<\/ul>\n\t\t\t\t\t\t<\/div>\n\t\t\t\t<\/div>\n\t\t\t\t<\/div>\n\t\t\t\t<\/div>\n\t\t\t\t\t<\/div>\n\t\t\t\t<\/div>\n\t\t\t\t<\/div>\n\t\t\t\t<\/div>\n\t\t\t\t\t\t<\/div>\n\t\t\t\t<\/div>\n\t\t\t\t<\/div>\n\t\t<div class=\"elementor-element elementor-element-6f4347ae e-flex e-con-boxed e-con e-parent\" data-id=\"6f4347ae\" data-element_type=\"container\">\n\t\t\t\t\t<div class=\"e-con-inner\">\n\t\t<div class=\"elementor-element elementor-element-413001b5 e-con-full e-flex e-con e-child\" data-id=\"413001b5\" data-element_type=\"container\">\n\t\t\t\t<div class=\"elementor-element elementor-element-1042cca7 elementor-widget elementor-widget-text-editor\" data-id=\"1042cca7\" data-element_type=\"widget\" data-widget_type=\"text-editor.default\">\n\t\t\t\t<div class=\"elementor-widget-container\">\n\t\t\t\t\t\t\t\t\t<h2>Dairies<\/h2><p>Influx has been a supplier to the dairy industry since 1999 and has therefore built up valuable knowledge about the optimal construction and operation of sanitary systems in this industry.<\/p><h4>Core Competencies<\/h4><ul><li>Project Planning<\/li><li>Engineering<\/li><li>P&amp;ID diagrams &amp; 3D<\/li><li>drawings<\/li><li>CE marking<\/li><li>Production Optimization<\/li><li>Assembly &amp; Installation<\/li><li>Project Management<\/li><li>Commissioning<\/li><li>Documentation<\/li><li>CIP<\/li><li>Renovation \/ Upgrade<\/li><li>Reduction of product, energy, and water waste<\/li><li>Glass blasting<\/li><\/ul><h4>Areas of Work<\/h4><ul><li>Pasteurization Systems<\/li><li>Dissolution Systems<\/li><li>Mixing Systems<\/li><li>Spray Drying Systems<\/li><li>CIP systems<\/li><li>Service installations<\/li><li>Servicing of<\/li><li>components<\/li><li>Process Plants<\/li><li>Installation<\/li><li>Pipe design<\/li><li>Pigging<\/li><li>Subcontractor work<\/li><li>Unit manufacturing<\/li><\/ul><h3>References<\/h3><p>Arla Foods, Taulov Mejeri, Korsvej Mejeri, Arinco, Birkum Ost, S\u00f8vind Mejeri, \u00d8llingeg\u00e5rd Mejeri, Jernved mejeri, Fipros AB.<\/p>\t\t\t\t\t\t\t\t<\/div>\n\t\t\t\t<\/div>\n\t\t\t\t<\/div>\n\t\t<div class=\"elementor-element elementor-element-65b592a9 e-con-full e-flex e-con e-child\" data-id=\"65b592a9\" data-element_type=\"container\">\n\t\t<div class=\"elementor-element elementor-element-46390b03 e-con-full dark e-flex e-con e-child\" data-id=\"46390b03\" data-element_type=\"container\" data-settings=\"{&quot;background_background&quot;:&quot;classic&quot;}\">\n\t\t\t\t<div class=\"elementor-element elementor-element-8b93205 elementor-widget elementor-widget-text-editor\" data-id=\"8b93205\" data-element_type=\"widget\" data-widget_type=\"text-editor.default\">\n\t\t\t\t<div class=\"elementor-widget-container\">\n\t\t\t\t\t\t\t\t\t<h3 class=\"h-widget\">Want to Know more about Engineering?<\/h3><p class=\"h-widget\">Contact us to discuss the optimal solution for your production facility.<\/p><p class=\"h-widget\"><a href=\"tel:+45 66 11 37 08\" aria-label=\"Telefon nummer\">+45 66 11 37 08<\/a><br><a href=\"mailto:invoice@influx.dk\" aria-label=\"Email adresse\">invoice@influx.dk<\/a><\/p>\t\t\t\t\t\t\t\t<\/div>\n\t\t\t\t<\/div>\n\t\t\t\t<\/div>\n\t\t<div class=\"elementor-element elementor-element-3803e09 e-con-full dark e-flex e-con e-child\" data-id=\"3803e09\" data-element_type=\"container\" data-settings=\"{&quot;background_background&quot;:&quot;classic&quot;}\">\n\t\t\t\t<div class=\"elementor-element elementor-element-22c353c4 elementor-widget elementor-widget-text-editor\" data-id=\"22c353c4\" data-element_type=\"widget\" data-widget_type=\"text-editor.default\">\n\t\t\t\t<div class=\"elementor-widget-container\">\n\t\t\t\t\t\t\t\t\t<h3>Certifications<\/h3><p>Proper certifications are crucial for your business, and therefore also crucial for us as your partner.<\/p>\t\t\t\t\t\t\t\t<\/div>\n\t\t\t\t<\/div>\n\t\t\t\t<div class=\"elementor-element elementor-element-7cffb97d elementor-align-center elementor-widget elementor-widget-button\" data-id=\"7cffb97d\" data-element_type=\"widget\" data-widget_type=\"button.default\">\n\t\t\t\t<div class=\"elementor-widget-container\">\n\t\t\t\t\t\t\t\t\t<div class=\"elementor-button-wrapper\">\n\t\t\t\t\t<a class=\"elementor-button elementor-button-link elementor-size-sm\" href=\"https:\/\/influx.dk\/om-os\/certificeringer\/\">\n\t\t\t\t\t\t<span class=\"elementor-button-content-wrapper\">\n\t\t\t\t\t\t\t\t\t<span class=\"elementor-button-text\">View certifications<\/span>\n\t\t\t\t\t<\/span>\n\t\t\t\t\t<\/a>\n\t\t\t\t<\/div>\n\t\t\t\t\t\t\t\t<\/div>\n\t\t\t\t<\/div>\n\t\t\t\t<\/div>\n\t\t\t\t<\/div>\n\t\t\t\t\t<\/div>\n\t\t\t\t<\/div>\n\t\t\t\t<\/div>\n\t\t","protected":false},"excerpt":{"rendered":"<p>Dairies Influx has been a supplier to the dairy industry since 1999 and has therefore built up valuable knowledge about the optimal construction and operation of sanitary systems in this industry. Core Competencies Project Planning Engineering P&amp;ID diagrams &amp; 3D drawings CE marking Production Optimization Assembly &amp; Installation Project Management Commissioning Documentation CIP Renovation \/ &#8230; <a title=\"Dairies\" class=\"read-more\" href=\"https:\/\/influx.dk\/en\/dairies\/\" aria-label=\"Read more about Dairies\">Read more<\/a><\/p>\n","protected":false},"author":5,"featured_media":0,"parent":0,"menu_order":0,"comment_status":"closed","ping_status":"closed","template":"","meta":{"_acf_changed":false,"footnotes":""},"categories":[],"class_list":["post-10181","page","type-page","status-publish"],"acf":[],"yoast_head":"<!-- This site is optimized with the Yoast SEO plugin v27.5 - https:\/\/yoast.com\/product\/yoast-seo-wordpress\/ -->\n<title>Dairies | Influx ApS<\/title>\n<meta name=\"robots\" content=\"index, follow, max-snippet:-1, max-image-preview:large, max-video-preview:-1\" \/>\n<link rel=\"canonical\" href=\"https:\/\/influx.dk\/en\/dairies\/\" \/>\n<meta property=\"og:locale\" content=\"en_US\" \/>\n<meta property=\"og:type\" content=\"article\" \/>\n<meta property=\"og:title\" content=\"Dairies | Influx ApS\" \/>\n<meta property=\"og:description\" content=\"Dairies Influx has been a supplier to the dairy industry since 1999 and has therefore built up valuable knowledge about the optimal construction and operation of sanitary systems in this industry. Core Competencies Project Planning Engineering P&amp;ID diagrams &amp; 3D drawings CE marking Production Optimization Assembly &amp; Installation Project Management Commissioning Documentation CIP Renovation \/ ... Read more\" \/>\n<meta property=\"og:url\" content=\"https:\/\/influx.dk\/en\/dairies\/\" \/>\n<meta property=\"og:site_name\" content=\"Influx ApS\" \/>\n<meta property=\"article:modified_time\" content=\"2025-10-09T07:04:51+00:00\" \/>\n<meta name=\"twitter:card\" content=\"summary_large_image\" \/>\n<meta name=\"twitter:label1\" content=\"Est. reading time\" \/>\n\t<meta name=\"twitter:data1\" content=\"1 minute\" \/>\n<script type=\"application\/ld+json\" class=\"yoast-schema-graph\">{\"@context\":\"https:\\\/\\\/schema.org\",\"@graph\":[{\"@type\":\"WebPage\",\"@id\":\"https:\\\/\\\/influx.dk\\\/en\\\/dairies\\\/\",\"url\":\"https:\\\/\\\/influx.dk\\\/en\\\/dairies\\\/\",\"name\":\"Dairies | Influx ApS\",\"isPartOf\":{\"@id\":\"https:\\\/\\\/influx.dk\\\/en\\\/#website\"},\"datePublished\":\"2025-08-26T12:41:46+00:00\",\"dateModified\":\"2025-10-09T07:04:51+00:00\",\"breadcrumb\":{\"@id\":\"https:\\\/\\\/influx.dk\\\/en\\\/dairies\\\/#breadcrumb\"},\"inLanguage\":\"en-US\",\"potentialAction\":[{\"@type\":\"ReadAction\",\"target\":[\"https:\\\/\\\/influx.dk\\\/en\\\/dairies\\\/\"]}]},{\"@type\":\"BreadcrumbList\",\"@id\":\"https:\\\/\\\/influx.dk\\\/en\\\/dairies\\\/#breadcrumb\",\"itemListElement\":[{\"@type\":\"ListItem\",\"position\":1,\"name\":\"Forside\",\"item\":\"https:\\\/\\\/influx.dk\\\/en\\\/home\\\/\"},{\"@type\":\"ListItem\",\"position\":2,\"name\":\"Dairies\"}]},{\"@type\":\"WebSite\",\"@id\":\"https:\\\/\\\/influx.dk\\\/en\\\/#website\",\"url\":\"https:\\\/\\\/influx.dk\\\/en\\\/\",\"name\":\"Influx ApS\",\"description\":\"Vi har 360\u00b0 fokus p\u00e5 dit procesanl\u00e6g\",\"publisher\":{\"@id\":\"https:\\\/\\\/influx.dk\\\/en\\\/#organization\"},\"potentialAction\":[{\"@type\":\"SearchAction\",\"target\":{\"@type\":\"EntryPoint\",\"urlTemplate\":\"https:\\\/\\\/influx.dk\\\/en\\\/?s={search_term_string}\"},\"query-input\":{\"@type\":\"PropertyValueSpecification\",\"valueRequired\":true,\"valueName\":\"search_term_string\"}}],\"inLanguage\":\"en-US\"},{\"@type\":\"Organization\",\"@id\":\"https:\\\/\\\/influx.dk\\\/en\\\/#organization\",\"name\":\"Influx ApS\",\"url\":\"https:\\\/\\\/influx.dk\\\/en\\\/\",\"logo\":{\"@type\":\"ImageObject\",\"inLanguage\":\"en-US\",\"@id\":\"https:\\\/\\\/influx.dk\\\/en\\\/#\\\/schema\\\/logo\\\/image\\\/\",\"url\":\"https:\\\/\\\/influx.dk\\\/wp-content\\\/uploads\\\/2025\\\/08\\\/influx-logo.svg\",\"contentUrl\":\"https:\\\/\\\/influx.dk\\\/wp-content\\\/uploads\\\/2025\\\/08\\\/influx-logo.svg\",\"width\":371,\"height\":199,\"caption\":\"Influx ApS\"},\"image\":{\"@id\":\"https:\\\/\\\/influx.dk\\\/en\\\/#\\\/schema\\\/logo\\\/image\\\/\"}}]}<\/script>\n<!-- \/ Yoast SEO plugin. -->","yoast_head_json":{"title":"Dairies | Influx ApS","robots":{"index":"index","follow":"follow","max-snippet":"max-snippet:-1","max-image-preview":"max-image-preview:large","max-video-preview":"max-video-preview:-1"},"canonical":"https:\/\/influx.dk\/en\/dairies\/","og_locale":"en_US","og_type":"article","og_title":"Dairies | Influx ApS","og_description":"Dairies Influx has been a supplier to the dairy industry since 1999 and has therefore built up valuable knowledge about the optimal construction and operation of sanitary systems in this industry. Core Competencies Project Planning Engineering P&amp;ID diagrams &amp; 3D drawings CE marking Production Optimization Assembly &amp; Installation Project Management Commissioning Documentation CIP Renovation \/ ... Read more","og_url":"https:\/\/influx.dk\/en\/dairies\/","og_site_name":"Influx ApS","article_modified_time":"2025-10-09T07:04:51+00:00","twitter_card":"summary_large_image","twitter_misc":{"Est. reading time":"1 minute"},"schema":{"@context":"https:\/\/schema.org","@graph":[{"@type":"WebPage","@id":"https:\/\/influx.dk\/en\/dairies\/","url":"https:\/\/influx.dk\/en\/dairies\/","name":"Dairies | Influx ApS","isPartOf":{"@id":"https:\/\/influx.dk\/en\/#website"},"datePublished":"2025-08-26T12:41:46+00:00","dateModified":"2025-10-09T07:04:51+00:00","breadcrumb":{"@id":"https:\/\/influx.dk\/en\/dairies\/#breadcrumb"},"inLanguage":"en-US","potentialAction":[{"@type":"ReadAction","target":["https:\/\/influx.dk\/en\/dairies\/"]}]},{"@type":"BreadcrumbList","@id":"https:\/\/influx.dk\/en\/dairies\/#breadcrumb","itemListElement":[{"@type":"ListItem","position":1,"name":"Forside","item":"https:\/\/influx.dk\/en\/home\/"},{"@type":"ListItem","position":2,"name":"Dairies"}]},{"@type":"WebSite","@id":"https:\/\/influx.dk\/en\/#website","url":"https:\/\/influx.dk\/en\/","name":"Influx ApS","description":"Vi har 360\u00b0 fokus p\u00e5 dit procesanl\u00e6g","publisher":{"@id":"https:\/\/influx.dk\/en\/#organization"},"potentialAction":[{"@type":"SearchAction","target":{"@type":"EntryPoint","urlTemplate":"https:\/\/influx.dk\/en\/?s={search_term_string}"},"query-input":{"@type":"PropertyValueSpecification","valueRequired":true,"valueName":"search_term_string"}}],"inLanguage":"en-US"},{"@type":"Organization","@id":"https:\/\/influx.dk\/en\/#organization","name":"Influx ApS","url":"https:\/\/influx.dk\/en\/","logo":{"@type":"ImageObject","inLanguage":"en-US","@id":"https:\/\/influx.dk\/en\/#\/schema\/logo\/image\/","url":"https:\/\/influx.dk\/wp-content\/uploads\/2025\/08\/influx-logo.svg","contentUrl":"https:\/\/influx.dk\/wp-content\/uploads\/2025\/08\/influx-logo.svg","width":371,"height":199,"caption":"Influx ApS"},"image":{"@id":"https:\/\/influx.dk\/en\/#\/schema\/logo\/image\/"}}]}},"_links":{"self":[{"href":"https:\/\/influx.dk\/en\/wp-json\/wp\/v2\/pages\/10181","targetHints":{"allow":["GET"]}}],"collection":[{"href":"https:\/\/influx.dk\/en\/wp-json\/wp\/v2\/pages"}],"about":[{"href":"https:\/\/influx.dk\/en\/wp-json\/wp\/v2\/types\/page"}],"author":[{"embeddable":true,"href":"https:\/\/influx.dk\/en\/wp-json\/wp\/v2\/users\/5"}],"replies":[{"embeddable":true,"href":"https:\/\/influx.dk\/en\/wp-json\/wp\/v2\/comments?post=10181"}],"version-history":[{"count":1,"href":"https:\/\/influx.dk\/en\/wp-json\/wp\/v2\/pages\/10181\/revisions"}],"predecessor-version":[{"id":10182,"href":"https:\/\/influx.dk\/en\/wp-json\/wp\/v2\/pages\/10181\/revisions\/10182"}],"wp:attachment":[{"href":"https:\/\/influx.dk\/en\/wp-json\/wp\/v2\/media?parent=10181"}],"wp:term":[{"taxonomy":"category","embeddable":true,"href":"https:\/\/influx.dk\/en\/wp-json\/wp\/v2\/categories?post=10181"}],"curies":[{"name":"wp","href":"https:\/\/api.w.org\/{rel}","templated":true}]}}